{"id":1357,"date":"2019-02-17T12:54:52","date_gmt":"2019-02-17T12:54:52","guid":{"rendered":"https:\/\/demo.casethemes.net\/lawsight\/?page_id=1357"},"modified":"2025-05-13T15:38:41","modified_gmt":"2025-05-13T15:38:41","slug":"faqs","status":"publish","type":"page","link":"https:\/\/basisrente-widerrufen.de\/index.php\/faqs\/","title":{"rendered":"H\u00e4ufige Fragen offen beantwortet"},"content":{"rendered":"<div class=\"wpb-content-wrapper\"><p>[vc_row][vc_column css=&#8221;.vc_custom_1551769316197{padding-top: 112px !important;}&#8221;][vc_row_inner][vc_column_inner width=&#8221;1\/4&#8243;][\/vc_column_inner][vc_column_inner width=&#8221;1\/2&#8243; ct_column_inner_class=&#8221;rm-padding-lg&#8221; css=&#8221;.vc_custom_1551768476602{padding-top: 0px !important;padding-right: 45px !important;padding-bottom: 0px !important;padding-left: 45px !important;}&#8221;][ct_heading text=&#8221;Am Telefon k\u00f6nnen wir aufgrund unserer langj\u00e4hrigen Erfahrung den <cite>Erfolg<\/cite> bereits in ca. 30 Sekunden einsch\u00e4tzen.&#8221; align_lg=&#8221;align-center&#8221; align_md=&#8221;align-center-md&#8221; align_sm=&#8221;align-center-sm&#8221; align_xs=&#8221;align-center-xs&#8221; font_size_sm=&#8221;24&#8243; font_size_xs=&#8221;24&#8243; font_weight=&#8221;&#8221; show_gap=&#8221;show&#8221; subtitle=&#8221;FAQ&#8221; description_font_weight=&#8221;inherit&#8221; margin_bottom=&#8221;0&#8243;][\/vc_column_inner][vc_column_inner width=&#8221;1\/4&#8243;][\/vc_column_inner][\/vc_row_inner][vc_btn title=&#8221;Urteile ansehen&#8221; color=&#8221;sandy-brown&#8221; align=&#8221;center&#8221; css=&#8221;&#8221; link=&#8221;url:https%3A%2F%2Fbasisrente-widerrufen.de%2Findex.php%2Furteile%2F|title:Urteile%20ansehen|target:_blank&#8221;][\/vc_column][\/vc_row][vc_row][vc_column][\/vc_column][\/vc_row][vc_row css=&#8221;.vc_custom_1551769324929{padding-top: 20px !important;padding-bottom: 118px !important;}&#8221;][vc_column width=&#8221;7\/12&#8243; css=&#8221;.vc_custom_1551769626819{padding-top: 60px !important;}&#8221; offset=&#8221;vc_col-lg-8 vc_col-md-8&#8243;][vc_tta_accordion active_section=&#8221;3&#8243;][vc_tta_section title=&#8221;Wie ist der Ablauf?&#8221; tab_id=&#8221;1550818638171-cf659216-d614&#8243;][vc_column_text css=&#8221;&#8221;]Wir starten mit einer kostenfreien Erstberatung. Hierbei k\u00f6nnen wir bereits am Telefon in ca. 30 Sekunden einsch\u00e4tzen, wie hoch die Erfolgsaussichten sind.<\/p>\n<p>Das liegt an unserer Erfahrung von mehr als einem Jahrzehnt &#8211; alleine in dem Bereich Basisrente \/ R\u00fcrup. Das bedeutet auch, dass wir mittlerweile alle Hebel kennen, um eine R\u00fcckzahlung z\u00fcgig erwirken zu k\u00f6nnen.<\/p>\n<p>Sollten wir eine solide Aussicht auf sofortige R\u00fcckzahlung bestehen, kl\u00e4ren wir \u00fcber die M\u00f6glichkeiten des Vorgehens auf. All diese Leistungen sind kostenfrei.<\/p>\n<p>In beiden Varianten bleibt das rechtliche Vorgehen zur R\u00fcckgewinnung der einbezahlten Beitr\u00e4ge bzw. des Vertragswertes zuz\u00fcglich eines regelm\u00e4\u00dfig erfreulichen Aufschlages nat\u00fcrlich gleich.[\/vc_column_text][\/vc_tta_section][vc_tta_section title=&#8221;Welche Chancen auf Erfolg habe ich?&#8221; tab_id=&#8221;1550818653780-0d5002a8-3725&#8243;][vc_column_text css=&#8221;&#8221;]Bereits am Telefon k\u00f6nnen wir in ca. 30 Sekunden die Chancen konkret einsch\u00e4tzen. Wir haben inzwischen mehr als 10.000 F\u00e4lle gepr\u00fcft, vor der h\u00f6chsten Instanz in Deutschland Recht erhalten, \u00fcber 10 Jahre Erfahrung in diesem Bereich und bewirken zudem regelm\u00e4\u00dfig au\u00dfergerichtliche Einigungen mit jeglichen Versicherungen.<\/p>\n<p>Das bedeutet: Wir haben Erfahrung. Von der Einsch\u00e4tzung bis zur finalen Abwicklung mit den Versicherungen.<\/p>\n<p>Daher sind wir ein ausgezeichneter Partner, der auf Augenh\u00f6he transparent kommuniziert und die Chancen schnell einsch\u00e4tzen kann. <strong>Bereits bei der Erstberatung<\/strong> nennen wir konkrete und nachvollziehbare Gr\u00fcnde f\u00fcr unsere Einsch\u00e4tzung.[\/vc_column_text][\/vc_tta_section][vc_tta_section title=&#8221;Was kostet mich die Dienstleistung?&#8221; tab_id=&#8221;1550819014472-f9e45d95-7a02&#8243;][vc_column_text css=&#8221;&#8221;]F\u00fcr den Start ben\u00f6tigen Sie prinzipiell kein Geld.<\/p>\n<p>Wir bieten unseren Mandanten <strong>zwei M\u00f6glichkeiten<\/strong>:<\/p>\n<ul>\n<li>Sie bezahlen nur dann ein Erfolgshonorar, wenn wir gewinnen und es eine R\u00fcckzahlung gegeben hat. Das hei\u00dft, wir erhalten nach der R\u00fcckzahlung einen Anteil.<\/li>\n<li>Sie gehen in Vorleistung und erhalten von uns transparente &amp; nachvollziehbare Rechnungen, die zuvor abgesprochen wurden.<\/li>\n<\/ul>\n<p>In beiden Varianten bleibt das rechtliche Vorgehen zur Zur\u00fcckgewinnung der gesamten Renteneinzahlung nat\u00fcrlich gleich.[\/vc_column_text][\/vc_tta_section][vc_tta_section title=&#8221;Was kann ich mir zur\u00fcckholen?&#8221; tab_id=&#8221;1550819026187-970c9ce8-968d&#8221;][vc_column_text css=&#8221;&#8221;]Wir helfen konkret bei Basisrente, R\u00fcrup-Rente und Riester.[\/vc_column_text][\/vc_tta_section][vc_tta_section title=&#8221;Was macht eine gute Anwaltskanzlei aus?&#8221; tab_id=&#8221;1550819037277-7bd3cff1-2ee8&#8243;][vc_column_text css=&#8221;&#8221;]Eine gute Anwaltskanzlei zeichnet sich durch fachliche Kompetenz und Spezialisierung in relevanten Rechtsgebieten aus. Sie bietet transparente und faire Kostenstrukturen sowie klare Kommunikation \u00fcber die rechtlichen M\u00f6glichkeiten und Risiken. Verl\u00e4sslichkeit und Verf\u00fcgbarkeit sind entscheidend, sodass Mandanten bei Bedarf schnell unterst\u00fctzt werden. Vertrauen und Integrit\u00e4t spielen ebenfalls eine zentrale Rolle, wobei Vertraulichkeit stets gew\u00e4hrleistet wird. Eine gute Kanzlei bietet ma\u00dfgeschneiderte L\u00f6sungen, die auf die individuellen Bed\u00fcrfnisse des Mandanten abgestimmt sind. Erfolgsbilanz und eine positive Reputation spiegeln die Qualit\u00e4t der Arbeit wider. Moderne Arbeitsmethoden und technologische Unterst\u00fctzung sorgen f\u00fcr Effizienz und eine gute Serviceerfahrung. Schlie\u00dflich ist ein respektvoller Umgang und eine professionelle Arbeitsatmosph\u00e4re f\u00fcr den Erfolg der Kanzlei unerl\u00e4sslich.[\/vc_column_text][\/vc_tta_section][vc_tta_section title=&#8221;Was ist das Problem mit der Basisrente?&#8221; tab_id=&#8221;1737214945810-d8184e2c-faa9&#8243;][vc_column_text css=&#8221;&#8221;]Es gibt drei konkrete Hauptprobleme:<\/p>\n<p><strong>keine K\u00fcndigung<\/strong> m\u00f6glich, <strong>nicht ver\u00e4u\u00dferbar<\/strong>, <strong>keine M\u00f6glichkeit<\/strong> sich das Geld vorher oder bei Vertragsende in einer Summe auszahlen zu lassen.<\/p>\n<p>Zus\u00e4tzlich:<\/p>\n<ul>\n<li><strong>Niedrige Auszahlungssummen \/ Rentenzahlungen:<\/strong> teils nur 30 &#8211; 500 \u20ac \/ Monat: Ein gesamter Einzahlungsbetrag von z.B. 50.000 \u20ac entspricht einer Durchschnittsrente von ca. 175 \u20ac.<\/li>\n<li>Regelm\u00e4\u00dfig kein Anspruch f\u00fcr Verbliebene und Erben<\/li>\n<\/ul>\n<p>Die gute Nachricht: Wir holen das eingezahlte Geld bzw. den Vertragswert zur\u00fcck. Auf einen Schlag. Regelm\u00e4\u00dfig sogar mit einer Zusatzzahlung einigen tausenden Euro![\/vc_column_text][\/vc_tta_section][\/vc_tta_accordion][\/vc_column][vc_column width=&#8221;5\/12&#8243; css=&#8221;.vc_custom_1551769635793{padding-top: 60px !important;}&#8221; offset=&#8221;vc_col-lg-4 vc_col-md-4&#8243;][ct_contact_form id=&#8221;1639&#8243; styles=&#8221;style3&#8243; title=&#8221;Jetzt <cite>kostenfrei<\/cite> sprechen&#8221; description=&#8221;Einfach das Kontaktformular ausf\u00fcllen. Wir melden uns innerhalb von 36 Stunden werktags.&#8221;][\/vc_column][\/vc_row][vc_row][vc_column][vc_btn title=&#8221;Urteile ansehen&#8221; color=&#8221;juicy-pink&#8221; align=&#8221;center&#8221; css=&#8221;&#8221; link=&#8221;url:https%3A%2F%2Fbasisrente-widerrufen.de%2Findex.php%2Furteile%2F|title:Urteile%20ansehen|target:_blank&#8221;][\/vc_column][\/vc_row]<\/p>\n<\/div>","protected":false},"excerpt":{"rendered":"<p>[vc_row][vc_column css=&#8221;.vc_custom_1551769316197{padding-top: 112px !important;}&#8221;][vc_row_inner][vc_column_inner width=&#8221;1\/4&#8243;][\/vc_column_inner][vc_column_inner width=&#8221;1\/2&#8243; ct_column_inner_class=&#8221;rm-padding-lg&#8221; css=&#8221;.vc_custom_1551768476602{padding-top: 0px !important;padding-right: 45px !important;padding-bottom: 0px !important;padding-left: 45px !important;}&#8221;][ct_heading text=&#8221;Am Telefon k\u00f6nnen wir aufgrund unserer langj\u00e4hrigen Erfahrung den Erfolg bereits in ca. 30 Sekunden einsch\u00e4tzen.&#8221; align_lg=&#8221;align-center&#8221; align_md=&#8221;align-center-md&#8221; align_sm=&#8221;align-center-sm&#8221; align_xs=&#8221;align-center-xs&#8221; font_size_sm=&#8221;24&#8243; font_size_xs=&#8221;24&#8243; font_weight=&#8221;&#8221; show_gap=&#8221;show&#8221; subtitle=&#8221;FAQ&#8221; description_font_weight=&#8221;inherit&#8221; margin_bottom=&#8221;0&#8243;][\/vc_column_inner][vc_column_inner width=&#8221;1\/4&#8243;][\/vc_column_inner][\/vc_row_inner][vc_btn title=&#8221;Urteile ansehen&#8221; color=&#8221;sandy-brown&#8221; align=&#8221;center&#8221; css=&#8221;&#8221; link=&#8221;url:https%3A%2F%2Fbasisrente-widerrufen.de%2Findex.php%2Furteile%2F|title:Urteile%20ansehen|target:_blank&#8221;][\/vc_column][\/vc_row][vc_row][vc_column][\/vc_column][\/vc_row][vc_row css=&#8221;.vc_custom_1551769324929{padding-top: 20px !important;padding-bottom: 118px !important;}&#8221;][vc_column [&hellip;]<\/p>\n","protected":false},"author":1,"featured_media":0,"parent":0,"menu_order":0,"comment_status":"closed","ping_status":"closed","template":"","meta":{"footnotes":""},"class_list":["post-1357","page","type-page","status-publish","hentry"],"_links":{"self":[{"href":"https:\/\/basisrente-widerrufen.de\/index.php\/wp-json\/wp\/v2\/pages\/1357","targetHints":{"allow":["GET"]}}],"collection":[{"href":"https:\/\/basisrente-widerrufen.de\/index.php\/wp-json\/wp\/v2\/pages"}],"about":[{"href":"https:\/\/basisrente-widerrufen.de\/index.php\/wp-json\/wp\/v2\/types\/page"}],"author":[{"embeddable":true,"href":"https:\/\/basisrente-widerrufen.de\/index.php\/wp-json\/wp\/v2\/users\/1"}],"replies":[{"embeddable":true,"href":"https:\/\/basisrente-widerrufen.de\/index.php\/wp-json\/wp\/v2\/comments?post=1357"}],"version-history":[{"count":12,"href":"https:\/\/basisrente-widerrufen.de\/index.php\/wp-json\/wp\/v2\/pages\/1357\/revisions"}],"predecessor-version":[{"id":2298,"href":"https:\/\/basisrente-widerrufen.de\/index.php\/wp-json\/wp\/v2\/pages\/1357\/revisions\/2298"}],"wp:attachment":[{"href":"https:\/\/basisrente-widerrufen.de\/index.php\/wp-json\/wp\/v2\/media?parent=1357"}],"curies":[{"name":"wp","href":"https:\/\/api.w.org\/{rel}","templated":true}]}}