{"id":2148,"date":"2025-04-22T08:02:54","date_gmt":"2025-04-22T08:02:54","guid":{"rendered":"https:\/\/basisrente-widerrufen.de\/?page_id=2148"},"modified":"2026-03-16T10:02:20","modified_gmt":"2026-03-16T10:02:20","slug":"urteile","status":"publish","type":"page","link":"https:\/\/basisrente-widerrufen.de\/index.php\/urteile\/","title":{"rendered":"Urteile"},"content":{"rendered":"<div class=\"wpb-content-wrapper\"><p>[vc_row][vc_column][vc_column_text css=&#8221;&#8221;]Hier finden Sie eine kleine Auswahl an diversen au\u00dfergerichtlichen Einigungen und gerichtlichen Urteilen. Wir haben mehr als 10.000 Vertr\u00e4ge in diesem Bereich gepr\u00fcft und sind in Deutschland wahrscheinlich die erfahrenste Kanzlei.<\/p>\n<p>Die <strong>Ersteinsch\u00e4tzung<\/strong> ist bei uns immer <strong>kostenfrei<\/strong> und <strong>unverbindlich<\/strong>.[\/vc_column_text][vc_btn title=&#8221;Kostenfreie Erstberatung hier&#8221; align=&#8221;center&#8221; css=&#8221;&#8221; link=&#8221;url:https%3A%2F%2Fbasisrente-widerrufen.de%2Findex.php%2Fkontakt%2F|title:Kontakt&#8221;][\/vc_column][\/vc_row][vc_row][vc_column][vc_separator css=&#8221;&#8221;][\/vc_column][\/vc_row][vc_row][vc_column][vc_basic_grid post_type=&#8221;post&#8221; max_items=&#8221;100&#8243; css=&#8221;&#8221; grid_id=&#8221;vc_gid:1773655298757-9220afecb05de24f44db4c1ff75585b2-10&#8243; taxonomies=&#8221;16&#8243;][\/vc_column][\/vc_row][vc_row css=&#8221;.vc_custom_1746690810721{padding-top: 40px !important;}&#8221;][vc_column][vc_column_text css=&#8221;&#8221;]Wir befassen uns seit \u00fcber 10 Jahren mit Basisrente \/ R\u00fcrup. Damit sind wir in Deutschland wahrscheinlich die Kanzlei mit der meisten Erfahrung. In sehr vielen F\u00e4llen k\u00f6nnen wir sogar z\u00fcgig au\u00dfergerichtliche Einigungen erzielen. Wir haben mittlerweile weitaus mehr als 10.000 Vertr\u00e4ge gepr\u00fcft.<\/p>\n<p>Dank unserer Erfahrung mit beinahe jeglichen Versicherungen ist eine Ersteinsch\u00e4tzung am Telefon innerhalb von ca. 30 Sekunden m\u00f6glich.<\/p>\n<p>Die <strong>Ersteinsch\u00e4tzung<\/strong> ist bei uns immer <strong>kostenfrei<\/strong> und <strong>unverbindlich<\/strong>.[\/vc_column_text][vc_btn title=&#8221;Kostenfreie Ersteinsch\u00e4tzung hier&#8221; color=&#8221;vista-blue&#8221; align=&#8221;center&#8221; css=&#8221;&#8221; link=&#8221;url:https%3A%2F%2Fbasisrente-widerrufen.de%2Findex.php%2Fkontakt%2F|title:Kontakt&#8221;][\/vc_column][\/vc_row]<\/p>\n<\/div>","protected":false},"excerpt":{"rendered":"<p>[vc_row][vc_column][vc_column_text css=&#8221;&#8221;]Hier finden Sie eine kleine Auswahl an diversen au\u00dfergerichtlichen Einigungen und gerichtlichen Urteilen. Wir haben mehr als 10.000 Vertr\u00e4ge in diesem Bereich gepr\u00fcft und sind in Deutschland wahrscheinlich die erfahrenste Kanzlei. Die Ersteinsch\u00e4tzung ist bei uns immer kostenfrei und unverbindlich.[\/vc_column_text][vc_btn title=&#8221;Kostenfreie Erstberatung hier&#8221; align=&#8221;center&#8221; css=&#8221;&#8221; link=&#8221;url:https%3A%2F%2Fbasisrente-widerrufen.de%2Findex.php%2Fkontakt%2F|title:Kontakt&#8221;][\/vc_column][\/vc_row][vc_row][vc_column][vc_separator css=&#8221;&#8221;][\/vc_column][\/vc_row][vc_row][vc_column][vc_basic_grid post_type=&#8221;post&#8221; max_items=&#8221;100&#8243; css=&#8221;&#8221; grid_id=&#8221;vc_gid:1773655298757-9220afecb05de24f44db4c1ff75585b2-10&#8243; taxonomies=&#8221;16&#8243;][\/vc_column][\/vc_row][vc_row css=&#8221;.vc_custom_1746690810721{padding-top: 40px [&hellip;]<\/p>\n","protected":false},"author":1,"featured_media":0,"parent":0,"menu_order":0,"comment_status":"closed","ping_status":"closed","template":"","meta":{"footnotes":""},"class_list":["post-2148","page","type-page","status-publish","hentry"],"_links":{"self":[{"href":"https:\/\/basisrente-widerrufen.de\/index.php\/wp-json\/wp\/v2\/pages\/2148","targetHints":{"allow":["GET"]}}],"collection":[{"href":"https:\/\/basisrente-widerrufen.de\/index.php\/wp-json\/wp\/v2\/pages"}],"about":[{"href":"https:\/\/basisrente-widerrufen.de\/index.php\/wp-json\/wp\/v2\/types\/page"}],"author":[{"embeddable":true,"href":"https:\/\/basisrente-widerrufen.de\/index.php\/wp-json\/wp\/v2\/users\/1"}],"replies":[{"embeddable":true,"href":"https:\/\/basisrente-widerrufen.de\/index.php\/wp-json\/wp\/v2\/comments?post=2148"}],"version-history":[{"count":10,"href":"https:\/\/basisrente-widerrufen.de\/index.php\/wp-json\/wp\/v2\/pages\/2148\/revisions"}],"predecessor-version":[{"id":2502,"href":"https:\/\/basisrente-widerrufen.de\/index.php\/wp-json\/wp\/v2\/pages\/2148\/revisions\/2502"}],"wp:attachment":[{"href":"https:\/\/basisrente-widerrufen.de\/index.php\/wp-json\/wp\/v2\/media?parent=2148"}],"curies":[{"name":"wp","href":"https:\/\/api.w.org\/{rel}","templated":true}]}}