{"id":254,"date":"2018-12-25T02:42:49","date_gmt":"2018-12-25T02:42:49","guid":{"rendered":"https:\/\/demo.casethemes.net\/lawsight\/?page_id=254"},"modified":"2025-01-21T16:03:47","modified_gmt":"2025-01-21T16:03:47","slug":"kontakt","status":"publish","type":"page","link":"https:\/\/basisrente-widerrufen.de\/index.php\/kontakt\/","title":{"rendered":"Kontakt"},"content":{"rendered":"<div class=\"wpb-content-wrapper\"><p>[vc_row css=&#8221;.vc_custom_1545816911406{padding-right: 15px !important;padding-left: 15px !important;}&#8221;][vc_column ct_column_class=&#8221;rm-padding-sm&#8221; el_class=&#8221;col-boxshadow&#8221; css=&#8221;.vc_custom_1545897722938{padding-top: 0px !important;padding-right: 70px !important;padding-left: 70px !important;}&#8221;][ct_space space_lg=&#8221;62&#8243; space_md=&#8221;62&#8243; space_sm=&#8221;62&#8243; space_xs=&#8221;30&#8243;][vc_row_inner][vc_column_inner css=&#8221;.vc_custom_1545816757842{padding-top: 0px !important;}&#8221; offset=&#8221;vc_col-lg-9 vc_col-md-9&#8243;][ct_heading text=&#8221;Die Erstberatung ist bei uns immer <cite>kostenfrei<\/cite>&#8221; font_size_xs=&#8221;26&#8243; font_weight=&#8221;&#8221; description_font_weight=&#8221;inherit&#8221;][\/vc_column_inner][vc_column_inner width=&#8221;1\/4&#8243; css=&#8221;.vc_custom_1545816763346{padding-top: 0px !important;}&#8221;][\/vc_column_inner][\/vc_row_inner][vc_empty_space height=&#8221;20&#8243;][vc_row_inner][vc_column_inner width=&#8221;7\/12&#8243;][vc_column_text css=&#8221;.vc_custom_1737214742986{margin-bottom: 9px !important;padding-bottom: 30px !important;}&#8221; el_class=&#8221;color-heading&#8221;]Am Telefon k\u00f6nnen wir schon in ca. 30 Sekunden einsch\u00e4tzen, wie hoch die Aussicht auf Erfolg sind. Dank unserer 10+ Jahre Erfahrung zu Basisrente, R\u00fcrup &amp; Riester.[\/vc_column_text][ct_contact_info content_type=&#8221;map&#8221; button_text=&#8221;Auf der Karte ansehen&#8221; button_link=&#8221;url:https%3A%2F%2Fwww.google.com%2Fmaps%3Fgs_lcrp%3DEgZjaHJvbWUqBggAEEUYOzIGCAAQRRg7MgYIARBFGEAyBggCEEUYOTINCAMQLhivARjHARiABDIHCAQQABiABDIGCAUQRRg8MgYIBhBFGEEyBggHEEUYPNIBCDEyNDFqMGo0qAIAsAIB%26um%3D1%26ie%3DUTF-8%26fb%3D1%26gl%3Dde%26sa%3DX%26geocode%3DKe8Atgr6eghBMVTEIHSYQOuE%26daddr%3DBahnhofstra%25C3%259Fe%2B51%2C%2B87435%2BKempten%2B(Allg%25C3%25A4u)|target:_blank&#8221; icon_list=&#8221;fontawesome5&#8243; icon_fontawesome5=&#8221;fac fac-building&#8221; title=&#8221;131 Dartmouth Street Boston, Massachusetts 02116 United States&#8221; content_info=&#8221;Bahnhofstra\u00dfe 51<br \/>\n87435 Kempten<br \/>\nDeutschland&#8221;][vc_empty_space height=&#8221;21&#8243;][ct_contact_info content_type=&#8221;tel&#8221; icon_list=&#8221;fontawesome5&#8243; icon_fontawesome5=&#8221;fac fac-phone&#8221; title=&#8221;131 Dartmouth Street Boston, Massachusetts 02116 United States&#8221; content_info=&#8221;0831 960 766 70&#8243;][vc_column_text css=&#8221;.vc_custom_1737475417623{padding-top: 20px !important;padding-bottom: 20px !important;}&#8221;]Telefon-Sekretariat besetzt Mo &#8211; Fr von 09:00 &#8211; 16:00 Uhr[\/vc_column_text][ct_contact_info content_type=&#8221;email&#8221; icon_list=&#8221;fontawesome5&#8243; icon_fontawesome5=&#8221;fac fac-envelope&#8221; title=&#8221;131 Dartmouth Street Boston, Massachusetts 02116 United States&#8221; content_info=&#8221;info@kanzlei-seehofer.de&#8221;][\/vc_column_inner][vc_column_inner width=&#8221;5\/12&#8243;][ct_space space_lg=&#8221;0&#8243; space_md=&#8221;0&#8243; space_sm=&#8221;0&#8243; space_xs=&#8221;32&#8243;][ct_contact_form id=&#8221;7&#8243;][\/vc_column_inner][\/vc_row_inner][ct_space space_lg=&#8221;70&#8243; space_md=&#8221;70&#8243; space_sm=&#8221;70&#8243; space_xs=&#8221;30&#8243;][\/vc_column][\/vc_row]<\/p>\n<\/div>","protected":false},"excerpt":{"rendered":"<p>[vc_row css=&#8221;.vc_custom_1545816911406{padding-right: 15px !important;padding-left: 15px !important;}&#8221;][vc_column ct_column_class=&#8221;rm-padding-sm&#8221; el_class=&#8221;col-boxshadow&#8221; css=&#8221;.vc_custom_1545897722938{padding-top: 0px !important;padding-right: 70px !important;padding-left: 70px !important;}&#8221;][ct_space space_lg=&#8221;62&#8243; space_md=&#8221;62&#8243; space_sm=&#8221;62&#8243; space_xs=&#8221;30&#8243;][vc_row_inner][vc_column_inner css=&#8221;.vc_custom_1545816757842{padding-top: 0px !important;}&#8221; offset=&#8221;vc_col-lg-9 vc_col-md-9&#8243;][ct_heading text=&#8221;Die Erstberatung ist bei uns immer kostenfrei&#8221; font_size_xs=&#8221;26&#8243; font_weight=&#8221;&#8221; description_font_weight=&#8221;inherit&#8221;][\/vc_column_inner][vc_column_inner width=&#8221;1\/4&#8243; css=&#8221;.vc_custom_1545816763346{padding-top: 0px !important;}&#8221;][\/vc_column_inner][\/vc_row_inner][vc_empty_space height=&#8221;20&#8243;][vc_row_inner][vc_column_inner width=&#8221;7\/12&#8243;][vc_column_text css=&#8221;.vc_custom_1737214742986{margin-bottom: 9px !important;padding-bottom: 30px !important;}&#8221; el_class=&#8221;color-heading&#8221;]Am Telefon k\u00f6nnen wir schon in ca. 30 Sekunden einsch\u00e4tzen, [&hellip;]<\/p>\n","protected":false},"author":1,"featured_media":0,"parent":0,"menu_order":0,"comment_status":"closed","ping_status":"closed","template":"","meta":{"footnotes":""},"class_list":["post-254","page","type-page","status-publish","hentry"],"_links":{"self":[{"href":"https:\/\/basisrente-widerrufen.de\/index.php\/wp-json\/wp\/v2\/pages\/254","targetHints":{"allow":["GET"]}}],"collection":[{"href":"https:\/\/basisrente-widerrufen.de\/index.php\/wp-json\/wp\/v2\/pages"}],"about":[{"href":"https:\/\/basisrente-widerrufen.de\/index.php\/wp-json\/wp\/v2\/types\/page"}],"author":[{"embeddable":true,"href":"https:\/\/basisrente-widerrufen.de\/index.php\/wp-json\/wp\/v2\/users\/1"}],"replies":[{"embeddable":true,"href":"https:\/\/basisrente-widerrufen.de\/index.php\/wp-json\/wp\/v2\/comments?post=254"}],"version-history":[{"count":7,"href":"https:\/\/basisrente-widerrufen.de\/index.php\/wp-json\/wp\/v2\/pages\/254\/revisions"}],"predecessor-version":[{"id":2135,"href":"https:\/\/basisrente-widerrufen.de\/index.php\/wp-json\/wp\/v2\/pages\/254\/revisions\/2135"}],"wp:attachment":[{"href":"https:\/\/basisrente-widerrufen.de\/index.php\/wp-json\/wp\/v2\/media?parent=254"}],"curies":[{"name":"wp","href":"https:\/\/api.w.org\/{rel}","templated":true}]}}